{"id":162,"date":"2018-02-16T09:41:55","date_gmt":"2018-02-16T09:41:55","guid":{"rendered":"http:\/\/www.adam.misiadam.pl\/?page_id=162"},"modified":"2021-03-15T10:49:34","modified_gmt":"2021-03-15T10:49:34","slug":"wystawy","status":"publish","type":"page","link":"http:\/\/www.adam.misiadam.pl\/?page_id=162","title":{"rendered":"Wystawy"},"content":{"rendered":"<div class=\"pvc_clear\"><\/div><p id=\"pvc_stats_162\" class=\"pvc_stats all  \" data-element-id=\"162\" style=\"\"><i class=\"pvc-stats-icon medium\" aria-hidden=\"true\"><svg aria-hidden=\"true\" focusable=\"false\" data-prefix=\"far\" data-icon=\"chart-bar\" role=\"img\" xmlns=\"http:\/\/www.w3.org\/2000\/svg\" viewBox=\"0 0 512 512\" class=\"svg-inline--fa fa-chart-bar fa-w-16 fa-2x\"><path fill=\"currentColor\" d=\"M396.8 352h22.4c6.4 0 12.8-6.4 12.8-12.8V108.8c0-6.4-6.4-12.8-12.8-12.8h-22.4c-6.4 0-12.8 6.4-12.8 12.8v230.4c0 6.4 6.4 12.8 12.8 12.8zm-192 0h22.4c6.4 0 12.8-6.4 12.8-12.8V140.8c0-6.4-6.4-12.8-12.8-12.8h-22.4c-6.4 0-12.8 6.4-12.8 12.8v198.4c0 6.4 6.4 12.8 12.8 12.8zm96 0h22.4c6.4 0 12.8-6.4 12.8-12.8V204.8c0-6.4-6.4-12.8-12.8-12.8h-22.4c-6.4 0-12.8 6.4-12.8 12.8v134.4c0 6.4 6.4 12.8 12.8 12.8zM496 400H48V80c0-8.84-7.16-16-16-16H16C7.16 64 0 71.16 0 80v336c0 17.67 14.33 32 32 32h464c8.84 0 16-7.16 16-16v-16c0-8.84-7.16-16-16-16zm-387.2-48h22.4c6.4 0 12.8-6.4 12.8-12.8v-70.4c0-6.4-6.4-12.8-12.8-12.8h-22.4c-6.4 0-12.8 6.4-12.8 12.8v70.4c0 6.4 6.4 12.8 12.8 12.8z\" class=\"\"><\/path><\/svg><\/i> <img loading=\"lazy\" decoding=\"async\" width=\"16\" height=\"16\" alt=\"Loading\" src=\"http:\/\/www.adam.misiadam.pl\/wp-content\/plugins\/page-views-count\/ajax-loader-2x.gif\" border=0 \/><\/p><div class=\"pvc_clear\"><\/div>\n<figure class=\"wp-block-image\"><a href=\"http:\/\/www.adam.misiadam.pl\/?page_id=347\"><img decoding=\"async\" alt=\"\" src=\"http:\/\/www.adam.misiadam.pl\/wp-content\/uploads\/2021\/01\/mojaAfryka-webs.jpg\"><br>2014 &#8211; Moja Afryka<\/a><\/figure>\n\n\n\n<figure class=\"wp-block-image\"><a href=\"http:\/\/www.adam.misiadam.pl\/?page_id=887\"><img decoding=\"async\" alt=\"\" src=\"http:\/\/www.adam.misiadam.pl\/wp-content\/uploads\/2018\/02\/czarna1a-jaskinie-webs.jpg\"><br>2015 &#8211; Moje jaskinie<\/a><\/figure>\n\n\n\n<figure class=\"wp-block-image\"><a href=\"http:\/\/www.adam.misiadam.pl\/?page_id=893\"><img decoding=\"async\" alt=\"\" src=\"http:\/\/www.adam.misiadam.pl\/wp-content\/uploads\/2018\/02\/czarna1a-jaskinie-webs.jpg\"><br>2016 &#8211; Z dziennika podr\u00f3\u017cy TOSKANIA<\/a><\/figure>\n\n\n\n<figure class=\"wp-block-image\"><a href=\"http:\/\/www.adam.misiadam.pl\/?page_id=10\"><img decoding=\"async\" alt=\"\" src=\"http:\/\/www.adam.misiadam.pl\/wp-content\/uploads\/2021\/01\/mojeZwierzeta-webs.jpg\"><br>2017 &#8211; Moje zwierz\u0119ta<\/a><\/figure>\n\n\n\n<figure class=\"wp-block-image\"><a href=\"http:\/\/www.adam.misiadam.pl\/?page_id=898\"><img decoding=\"async\" alt=\"\" src=\"http:\/\/www.adam.misiadam.pl\/wp-content\/uploads\/2018\/02\/czarna1a-jaskinie-webs.jpg\"><br>2021 &#8211; Moje jaskinie II<\/a><\/figure>\n","protected":false},"excerpt":{"rendered":"<div class=\"pvc_clear\"><\/div>\n<p id=\"pvc_stats_162\" class=\"pvc_stats all  \" data-element-id=\"162\" style=\"\"><i class=\"pvc-stats-icon medium\" aria-hidden=\"true\"><svg aria-hidden=\"true\" focusable=\"false\" data-prefix=\"far\" data-icon=\"chart-bar\" role=\"img\" xmlns=\"http:\/\/www.w3.org\/2000\/svg\" viewBox=\"0 0 512 512\" class=\"svg-inline--fa fa-chart-bar fa-w-16 fa-2x\"><path fill=\"currentColor\" d=\"M396.8 352h22.4c6.4 0 12.8-6.4 12.8-12.8V108.8c0-6.4-6.4-12.8-12.8-12.8h-22.4c-6.4 0-12.8 6.4-12.8 12.8v230.4c0 6.4 6.4 12.8 12.8 12.8zm-192 0h22.4c6.4 0 12.8-6.4 12.8-12.8V140.8c0-6.4-6.4-12.8-12.8-12.8h-22.4c-6.4 0-12.8 6.4-12.8 12.8v198.4c0 6.4 6.4 12.8 12.8 12.8zm96 0h22.4c6.4 0 12.8-6.4 12.8-12.8V204.8c0-6.4-6.4-12.8-12.8-12.8h-22.4c-6.4 0-12.8 6.4-12.8 12.8v134.4c0 6.4 6.4 12.8 12.8 12.8zM496 400H48V80c0-8.84-7.16-16-16-16H16C7.16 64 0 71.16 0 80v336c0 17.67 14.33 32 32 32h464c8.84 0 16-7.16 16-16v-16c0-8.84-7.16-16-16-16zm-387.2-48h22.4c6.4 0 12.8-6.4 12.8-12.8v-70.4c0-6.4-6.4-12.8-12.8-12.8h-22.4c-6.4 0-12.8 6.4-12.8 12.8v70.4c0 6.4 6.4 12.8 12.8 12.8z\" class=\"\"><\/path><\/svg><\/i> <img loading=\"lazy\" decoding=\"async\" width=\"16\" height=\"16\" alt=\"Loading\" src=\"http:\/\/www.adam.misiadam.pl\/wp-content\/plugins\/page-views-count\/ajax-loader-2x.gif\" border=0 \/><\/p>\n<div class=\"pvc_clear\"><\/div>\n<p>2014 &#8211; Moja Afryka 2015 &#8211; Moje jaskinie 2016 &#8211; Z dziennika podr\u00f3\u017cy TOSKANIA 2017 &#8211; Moje zwierz\u0119ta 2021 &#8211; Moje jaskinie II<\/p>\n","protected":false},"author":1,"featured_media":0,"parent":0,"menu_order":0,"comment_status":"closed","ping_status":"closed","template":"","meta":{"footnotes":""},"class_list":["post-162","page","type-page","status-publish","hentry"],"_links":{"self":[{"href":"http:\/\/www.adam.misiadam.pl\/index.php?rest_route=\/wp\/v2\/pages\/162","targetHints":{"allow":["GET"]}}],"collection":[{"href":"http:\/\/www.adam.misiadam.pl\/index.php?rest_route=\/wp\/v2\/pages"}],"about":[{"href":"http:\/\/www.adam.misiadam.pl\/index.php?rest_route=\/wp\/v2\/types\/page"}],"author":[{"embeddable":true,"href":"http:\/\/www.adam.misiadam.pl\/index.php?rest_route=\/wp\/v2\/users\/1"}],"replies":[{"embeddable":true,"href":"http:\/\/www.adam.misiadam.pl\/index.php?rest_route=%2Fwp%2Fv2%2Fcomments&post=162"}],"version-history":[{"count":37,"href":"http:\/\/www.adam.misiadam.pl\/index.php?rest_route=\/wp\/v2\/pages\/162\/revisions"}],"predecessor-version":[{"id":902,"href":"http:\/\/www.adam.misiadam.pl\/index.php?rest_route=\/wp\/v2\/pages\/162\/revisions\/902"}],"wp:attachment":[{"href":"http:\/\/www.adam.misiadam.pl\/index.php?rest_route=%2Fwp%2Fv2%2Fmedia&parent=162"}],"curies":[{"name":"wp","href":"https:\/\/api.w.org\/{rel}","templated":true}]}}