{"id":347,"date":"2018-12-09T10:31:19","date_gmt":"2018-12-09T10:31:19","guid":{"rendered":"http:\/\/www.adam.misiadam.pl\/?page_id=347"},"modified":"2021-01-11T08:56:02","modified_gmt":"2021-01-11T08:56:02","slug":"2014-moja-afryka","status":"publish","type":"page","link":"http:\/\/www.adam.misiadam.pl\/?page_id=347","title":{"rendered":"2014 &#8211; Moja Afryka"},"content":{"rendered":"<div class=\"pvc_clear\"><\/div>\n<p id=\"pvc_stats_347\" class=\"pvc_stats all  \" data-element-id=\"347\" style=\"\"><i class=\"pvc-stats-icon medium\" aria-hidden=\"true\"><svg aria-hidden=\"true\" focusable=\"false\" data-prefix=\"far\" data-icon=\"chart-bar\" role=\"img\" xmlns=\"http:\/\/www.w3.org\/2000\/svg\" viewBox=\"0 0 512 512\" class=\"svg-inline--fa fa-chart-bar fa-w-16 fa-2x\"><path fill=\"currentColor\" d=\"M396.8 352h22.4c6.4 0 12.8-6.4 12.8-12.8V108.8c0-6.4-6.4-12.8-12.8-12.8h-22.4c-6.4 0-12.8 6.4-12.8 12.8v230.4c0 6.4 6.4 12.8 12.8 12.8zm-192 0h22.4c6.4 0 12.8-6.4 12.8-12.8V140.8c0-6.4-6.4-12.8-12.8-12.8h-22.4c-6.4 0-12.8 6.4-12.8 12.8v198.4c0 6.4 6.4 12.8 12.8 12.8zm96 0h22.4c6.4 0 12.8-6.4 12.8-12.8V204.8c0-6.4-6.4-12.8-12.8-12.8h-22.4c-6.4 0-12.8 6.4-12.8 12.8v134.4c0 6.4 6.4 12.8 12.8 12.8zM496 400H48V80c0-8.84-7.16-16-16-16H16C7.16 64 0 71.16 0 80v336c0 17.67 14.33 32 32 32h464c8.84 0 16-7.16 16-16v-16c0-8.84-7.16-16-16-16zm-387.2-48h22.4c6.4 0 12.8-6.4 12.8-12.8v-70.4c0-6.4-6.4-12.8-12.8-12.8h-22.4c-6.4 0-12.8 6.4-12.8 12.8v70.4c0 6.4 6.4 12.8 12.8 12.8z\" class=\"\"><\/path><\/svg><\/i> <img loading=\"lazy\" decoding=\"async\" width=\"16\" height=\"16\" alt=\"Loading\" src=\"http:\/\/www.adam.misiadam.pl\/wp-content\/plugins\/page-views-count\/ajax-loader-2x.gif\" border=0 \/><\/p>\n<div class=\"pvc_clear\"><\/div>\n<h3><strong>Wystawa 28.02.2014 &#8211; 26.03.2014<\/strong><br \/>\n<strong>&#8222;Moja Afryka&#8221;<\/strong><\/h3>\n<p>Wernisa\u017c wystawy 28.02.2014 o godz. 17:00<br \/>\nw Filii nr 13 Biblioteki Miejskiej im. W. Kulerskiego w Grudzi\u0105dzu<\/p>\n<h3><strong>Prace prezentowane na wystawie<\/strong><\/h3>\n<p><a href=\"http:\/\/www.adam.misiadam.pl\/wp-content\/uploads\/2021\/01\/w00P4010963-web.jpg\"><img decoding=\"async\" class=\"alignnone size-full\" src=\"http:\/\/www.adam.misiadam.pl\/wp-content\/uploads\/2021\/01\/w00P4010963-web.jpg\" alt=\"\" width=\"600\"><\/a><br \/>\nMaroko 2013<br \/>\nU\u015bmiech \u015bwiata. Trudno uwierzy\u0107, okolica do horyzontu pusta, a wystarczy si\u0119 zatrzyma\u0107 i natychmiast jak z pod ziemi wyrasta grupa dzieci z u\u015bmiechem prosz\u0105cych o prezenty, na og\u00f3\u0142 cukierki lub d\u0142ugopisy w kt\u00f3re musimy by\u0107 zaopatrzeni.<br \/>\nLumix GX1, 100mm(35-100), 1\/400s, F\/5,6, ISO 200<br \/>\nGPX: lat=32,470, lon=-9,230<\/p>\n<p><a href=\"http:\/\/www.adam.misiadam.pl\/wp-content\/uploads\/2021\/01\/w01P4010883-web.jpg\"><img decoding=\"async\" class=\"alignnone size-full\" src=\"http:\/\/www.adam.misiadam.pl\/wp-content\/uploads\/2021\/01\/w01P4010883-web.jpg\" alt=\"\" width=\"600\"><\/a><br \/>\nMaroko 2013<br \/>\nCo przyniesie jutro? Takich dzieci jest du\u017co, licz\u0105 tylko na to, \u017ce kto\u015b je wspomo\u017ce drobnym datkiem lub cukierkiem.<br \/>\nLumix GX1, 100mm(35-100), 1\/640s, f\/7,1, ISO 200<br \/>\nGPS: lat=33,592, lon=-7,618<\/p>\n<p><a href=\"http:\/\/www.adam.misiadam.pl\/wp-content\/uploads\/2021\/01\/w02P1040483-web.jpg\"><img decoding=\"async\" class=\"alignnone size-full\" src=\"http:\/\/www.adam.misiadam.pl\/wp-content\/uploads\/2021\/01\/w02P1040483-web.jpg\" alt=\"\" width=\"600\"><\/a><br \/>\nMaroko 2011<br \/>\nKarawana. Tak\u0105 wycieczk\u0119 ka\u017cdy mo\u017ce sobie zam\u00f3wi\u0107, wyjazd po po\u0142udniu, kolacja, nocleg w namiotach, powr\u00f3t rano do przygotowanego miejsca, gdzie mo\u017cna si\u0119 wyk\u0105pa\u0107 i zje\u015b\u0107 \u015bniadanie.<br \/>\nLumix L10, 28mm(15-150), 1\/250s, f\/8, ISO 200, +0.3EV<br \/>\nGPS: lat=31,141, lon=-3,978<\/p>\n<p><a href=\"http:\/\/www.adam.misiadam.pl\/wp-content\/uploads\/2021\/01\/w03P2020812-web.jpg\"><img decoding=\"async\" class=\"alignnone size-full\" src=\"http:\/\/www.adam.misiadam.pl\/wp-content\/uploads\/2021\/01\/w03P2020812-web.jpg\" alt=\"\" width=\"600\"><\/a><br \/>\nMaroko 2011<br \/>\nPrzy ognisku na pustyni. W czasie noclegu na pustyni oferowana jest rozrywka w postaci \u015bpiewu i opowiada\u0144 Barber\u00f3w. Drewno na ognisko trzeba przywie\u017a\u0107 na wielb\u0142\u0105dach, bo w oko\u0142o pustynia, piasek i tylko piasek.<br \/>\nLumix GF1, 20mm, 1\/30s, f\/1,7, ISO 200, flash-auto<br \/>\nGPS: lat=31,142, lon=-3,981<\/p>\n<p><a href=\"http:\/\/www.adam.misiadam.pl\/wp-content\/uploads\/2021\/01\/w04bP1040455-web2.jpg\"><img decoding=\"async\" class=\"alignnone size-full\" src=\"http:\/\/www.adam.misiadam.pl\/wp-content\/uploads\/2021\/01\/w04bP1040455-web2.jpg\" alt=\"\" width=\"600\"><\/a><br \/>\nMaroko 2011<br \/>\nBerberzy, polowanie na twarze. Czasami obiekt sfotografowa\u0107 mo\u017cna za darmo, zale\u017cy od sytuacji.<br \/>\nlewy: Lumix GF1, 300mm(100-300), 1\/125s, F\/5,6, ISO 200<br \/>\nGPX: lat=31,045, lon=-7,130<br \/>\nprawy: Lumix L10, 94mm(15-150), 1\/400s, f\/7.1, ISO 200<br \/>\nGPS: lat=31,141, lon=-3,978<\/p>\n<p><a href=\"http:\/\/www.adam.misiadam.pl\/wp-content\/uploads\/2021\/01\/w05bP1040023-web2.jpg\"><img decoding=\"async\" class=\"alignnone size-full\" src=\"http:\/\/www.adam.misiadam.pl\/wp-content\/uploads\/2021\/01\/w05bP1040023-web2.jpg\" alt=\"\" width=\"450\"><\/a><br \/>\nMaroko 2011<br \/>\nTu za u\u015bmiech trzeba zap\u0142aci\u0107. Czasami za u\u015bmiech trzeba zap\u0142aci\u0107, np. kupi\u0107 kamie\u0144 z jakimi\u015b minera\u0142ami.<br \/>\nLumix L10, 125mm(15-150), 1\/250s, f\/7,1, ISO 200<br \/>\nGPS: lat=31,371, lon=-7,392<\/p>\n<p><a href=\"http:\/\/www.adam.misiadam.pl\/wp-content\/uploads\/2021\/01\/w06P4010903-web.jpg\"><img decoding=\"async\" class=\"alignnone size-full\" src=\"http:\/\/www.adam.misiadam.pl\/wp-content\/uploads\/2021\/01\/w06P4010903-web.jpg\" alt=\"\" width=\"600\"><\/a><br \/>\nMaroko 2013<br \/>\nJak wyszli\u015bmy? A czasami je\u015bli to s\u0105 dzieci wystarczy im pokaza\u0107 jak wysz\u0142y na zdj\u0119ciu.<br \/>\nLumix GX1, 62mm(35-100), 1\/320s, f\/3,2, ISO 200<br \/>\nGPS: lat=33,595, lon=-7,612<\/p>\n<p><a href=\"http:\/\/www.adam.misiadam.pl\/wp-content\/uploads\/2021\/01\/w07P4010973-web.jpg\"><img decoding=\"async\" class=\"alignnone size-full\" src=\"http:\/\/www.adam.misiadam.pl\/wp-content\/uploads\/2021\/01\/w07P4010973-web.jpg\" alt=\"\" width=\"600\"><\/a><br \/>\nMaroko 2013<br \/>\nW drodze. Nazwijmy to miejscow\u0105 taks\u00f3wk\u0105 &#8211; jedyny \u015brodek lokomocji.<br \/>\nLumix GX1, 89mm(35-100), 1\/400s, f\/5,6, ISO 200<br \/>\nGPS: lat=32,470, lon=-9,230<\/p>\n<p><a href=\"http:\/\/www.adam.misiadam.pl\/wp-content\/uploads\/2021\/01\/w08P2080374-web.jpg\"><img decoding=\"async\" class=\"alignnone size-full\" src=\"http:\/\/www.adam.misiadam.pl\/wp-content\/uploads\/2021\/01\/w08P2080374-web.jpg\" alt=\"\" width=\"600\"><\/a><br \/>\nMarrakech, Maroko 2013<br \/>\nPlac Jemaa el-Fnaa. Ogromny plac w centrum Marrakechu, pusty i czysty w ci\u0105gu dnia.<br \/>\nLumix GF1, 14mm(14-140), 1\/1000s, f\/5,6, ISO 200<br \/>\nGPS: lat=31,626, lon=-7,989<\/p>\n<p><a href=\"http:\/\/www.adam.misiadam.pl\/wp-content\/uploads\/2021\/01\/w09P1030976-web.jpg\"><img decoding=\"async\" class=\"alignnone size-full\" src=\"http:\/\/www.adam.misiadam.pl\/wp-content\/uploads\/2021\/01\/w09P1030976-web.jpg\" alt=\"\" width=\"600\"><\/a><br \/>\nMarrakech, Maroko 2011<br \/>\nWiecz\u00f3r na placu Jemaa el-Fnaa. Wieczorem plac zamienia si\u0119 w ogromn\u0105 restauracj\u0119 (w\u0142a\u015bciwie to ka\u017cdy stolik\/\u0142awa ma innego w\u0142a\u015bciciela i jest oddzieln\u0105 restauracj\u0105) i jest to nie tylko atrakcja dla turyst\u00f3w i miesce spo\u017cycia posi\u0142ku, ale r\u00f3wnie\u017c miejsce spotka\u0144 dla miejscowej ludno\u015bci.<br \/>\nLumix L10, 30mm, 1\/100s, f\/1,6, ISO 200<\/p>\n<p><a href=\"http:\/\/www.adam.misiadam.pl\/wp-content\/uploads\/2021\/01\/w10P2080309-web.jpg\"><img decoding=\"async\" class=\"alignnone size-full\" src=\"http:\/\/www.adam.misiadam.pl\/wp-content\/uploads\/2021\/01\/w10P2080309-web.jpg\" alt=\"\" width=\"600\"><\/a><br \/>\nMarrakech, Maroko 2011<br \/>\nWiecz\u00f3r na placu Jemaa el-Fnaa. Wieczorem to nie tylko restauracje, to r\u00f3wnie\u017c butiki handlowe z ogromnym wyborem owoc\u00f3w i \u015bwie\u017co wyciskanych sok\u00f3w (bardzo smakowa\u0142 mi sok z cytryn &#8211; u nas jest nie do pomy\u015blenia by to pi\u0107 a tam wol\u0119 sok ze \u015bwie\u017cych dojrza\u0142ych cytryn od soku pomara\u0144czowego).<br \/>\nLumix GF1, 24mm(14-140), 1\/30s, f\/4,1, ISO 200<\/p>\n<p><a href=\"http:\/\/www.adam.misiadam.pl\/wp-content\/uploads\/2021\/01\/w11P2020947-web.jpg\"><img decoding=\"async\" class=\"alignnone size-full\" src=\"http:\/\/www.adam.misiadam.pl\/wp-content\/uploads\/2021\/01\/w11P2020947-web.jpg\" alt=\"\" width=\"600\"><\/a><br \/>\nMarrakech, Maroko 2011<br \/>\nMarrakech, Souks (suki). Ogromne targowisko (najwi\u0119ksze w Maroku), kryte dla ochrony przed s\u0142o\u0144cem, nie deszczem. Praktycznie jest to ca\u0142e miasto z uliczkami i zau\u0142kami, gdzie kupi\u0107 mo\u017cna praktycznie wszystko.<br \/>\nLumix GF1, 20mm, 1\/200s, f\/1,7, ISO 200<br \/>\nGPS: lat=31,627, lon=-7,987<\/p>\n<p><a href=\"http:\/\/www.adam.misiadam.pl\/wp-content\/uploads\/2021\/01\/w12P4020007-web.jpg\"><img decoding=\"async\" class=\"alignnone size-full\" src=\"http:\/\/www.adam.misiadam.pl\/wp-content\/uploads\/2021\/01\/w12P4020007-web.jpg\" alt=\"\" width=\"600\"><\/a><br \/>\nEssaouira, Maroko 2013<br \/>\nWsz\u0119dzie handel.<br \/>\nLumix GX1, 35mm(35-100), 1\/400s, f\/8, ISO 200<br \/>\nGPS: lat=31,515, lon=-9,769<\/p>\n<p><a href=\"http:\/\/www.adam.misiadam.pl\/wp-content\/uploads\/2021\/01\/w13P207387-408.jpg\"><img decoding=\"async\" class=\"alignnone size-full\" src=\"http:\/\/www.adam.misiadam.pl\/wp-content\/uploads\/2021\/01\/w13P207387-408.jpg\" alt=\"\" width=\"600\"><\/a><br \/>\nCasablanca, Maroko 2013<br \/>\nMosqu\u00e9e Hassan 2 (Meczet Hassana II). Najwi\u0119kszy dzia\u0142aj\u0105cy meczet w Afryce z minaretem drugim co do wysoko\u015bci na \u015bwiecie.<br \/>\nlewy: Lumix GF1, 24mm(14-140), 1\/320s, f\/5, ISO 200<br \/>\nprawy: Lumix GF1, 24mm(14-140), 1\/50s,  f\/4,1, ISO 200<br \/>\nGPS: lat=33,607, lon=-7,632<\/p>\n<p><a href=\"http:\/\/www.adam.misiadam.pl\/wp-content\/uploads\/2021\/01\/w14P2020722-web.jpg\"><img decoding=\"async\" class=\"alignnone size-full\" src=\"http:\/\/www.adam.misiadam.pl\/wp-content\/uploads\/2021\/01\/w14P2020722-web.jpg\" alt=\"\" width=\"600\"><\/a><br \/>\nTammelelt, Maroko 2011<br \/>\nTarg w Tammelelt. Przyjechali\u015bmy w czasie trwania \u015bwi\u0119ta Id al-Adha (Kurban Bajram &#8211; \u015awi\u0119to Ofiarowania, najwi\u0119ksze \u015bwi\u0119to Islamu) trwaj\u0105ce 3-4 dni i oczywi\u015bcie wszystkie restauracje pozamykane. Zwi\u0105zane jest to z rytualnym ubojem owiec i baran\u00f3w i oczywi\u015bcie handlem nimi.<br \/>\nLumix GF1, 20mm, 1\/3200s, f\/3,2, ISO 200<br \/>\nGPS: not recorded (lat=31,816, lon=-7,516)<\/p>\n<p><a href=\"http:\/\/www.adam.misiadam.pl\/wp-content\/uploads\/2021\/01\/w15P1040160-web.jpg\"><img decoding=\"async\" class=\"alignnone size-full\" src=\"http:\/\/www.adam.misiadam.pl\/wp-content\/uploads\/2021\/01\/w15P1040160-web.jpg\" alt=\"\" width=\"600\"><\/a><br \/>\nMaroko 2011<br \/>\nKasbach d&#8217;Amerhidil (Amridil). Najbardziej znana kasbach w Maroku uwieczniona nawet na banknocie 50 Dirham.<br \/>\nLumix L10, 18mm(15-150), 1\/125s, f\/5,6, ISO 200<br \/>\nGPS: lat=31,046, lon=-6,581<\/p>\n<p><a href=\"http:\/\/www.adam.misiadam.pl\/wp-content\/uploads\/2021\/01\/w16P2070732-web.jpg\"><img decoding=\"async\" class=\"alignnone size-full\" src=\"http:\/\/www.adam.misiadam.pl\/wp-content\/uploads\/2021\/01\/w16P2070732-web.jpg\" alt=\"\" width=\"600\"><\/a><br \/>\nMaroko 2013<br \/>\nKozy nadrzewne. Gdy na ziemi nie mo\u017cna znale\u017a\u0107 \u017ad\u017ab\u0142a trawy, po\u017cywienia trzeba szuka\u0107 na nielicznych drzewach i tak wykszta\u0142ci\u0142y si\u0119 kozy nadrzewne.<br \/>\nLumix GF1, 21mm(14-140), 1\/200s, f\/5,6, ISO 200<br \/>\nGPS: lat=30,773, lon=-9,799<\/p>\n<p><a href=\"http:\/\/www.adam.misiadam.pl\/wp-content\/uploads\/2021\/01\/w17P4020017-web.jpg\"><img decoding=\"async\" class=\"alignnone size-full\" src=\"http:\/\/www.adam.misiadam.pl\/wp-content\/uploads\/2021\/01\/w17P4020017-web.jpg\" alt=\"\" width=\"600\"><\/a><br \/>\nMaroko 2013<br \/>\nKozy nadrzewne. Nawiasem m\u00f3wi\u0105c k\u00f3z pilnuje Pani (poza zdj\u0119ciem), kt\u00f3rej za fotografowanie trzeba da\u0107 drobny datek.<br \/>\nLumix GX1, 35mm(35-100), 1\/1000s, f\/5,6, ISO 200<\/p>\n<p><a href=\"http:\/\/www.adam.misiadam.pl\/wp-content\/uploads\/2021\/01\/w18P202020868-web.jpg\"><img decoding=\"async\" class=\"alignnone size-full\" src=\"http:\/\/www.adam.misiadam.pl\/wp-content\/uploads\/2021\/01\/w18P202020868-web.jpg\" alt=\"\" width=\"600\"><\/a><br \/>\nMaroko 2011<br \/>\nWodop\u00f3j na skraju pustyni. Wod\u0119 czasami trzeba dowozi\u0107 z jedynego miejsca gdzie jest dost\u0119pna.<br \/>\nLumix GF1, 20mm, 1\/2500s, f\/4, ISO 200<br \/>\nGPS: lat=31,143, lon=-4,023<\/p>\n<p><a href=\"http:\/\/www.adam.misiadam.pl\/wp-content\/uploads\/2021\/01\/w19P4010890-web.jpg\"><img decoding=\"async\" class=\"alignnone size-full\" src=\"http:\/\/www.adam.misiadam.pl\/wp-content\/uploads\/2021\/01\/w19P4010890-web.jpg\" alt=\"\" width=\"600\"><\/a><br \/>\nCasablanka, Maroko 2013<br \/>\nA gdzie sanepid? Ale te ryby s\u0105 na pewno \u015bwie\u017ce i ta \u015bwie\u017co\u015b\u0107 znaczy wi\u0119cej ni\u017c brak kontroli sanitarnej, kt\u00f3ra u nas przy starych rybach jest konieczna. Lewy g\u00f3rny r\u00f3g to tu\u0144czyk prawie metrowej \u015brednicy.<br \/>\nLumix GX1, 35mm(35-100), 1\/25s, f\/2,8, ISO 200<br \/>\nGPS: lat=33,594, lon=-7,619<\/p>\n<p><a href=\"http:\/\/www.adam.misiadam.pl\/wp-content\/uploads\/2021\/01\/w20P2070835-web2.jpg\"><img decoding=\"async\" class=\"alignnone size-full\" src=\"http:\/\/www.adam.misiadam.pl\/wp-content\/uploads\/2021\/01\/w20P2070835-web2.jpg\" alt=\"\" width=\"600\"><\/a><br \/>\nLagzira, Maroko 2013<br \/>\n\u0141uki w Lagzira. Dziwne formacje skalne wymyte przez przyp\u0142ywy i odp\u0142ywy oceanu. A zachowanie oceanu te\u017c nieprzewidywalne, wszed\u0142em do wody, woda po kostki i chwil\u0119 p\u00f3\u017aniej mia\u0142em mokre majtki. Dobrze \u017ce buty zostawi\u0142em dostatecznie daleko, tak \u017ce fala ich nie porwa\u0142a (ot \u0142ut szcz\u0119\u015bcia).<br \/>\nLumix GF1, 28mm(14-140), 1\/100s, f\/8, ISO 200<br \/>\nGPS: lat=29,437, lon=-10,124<\/p>\n<p><a href=\"http:\/\/www.adam.misiadam.pl\/wp-content\/uploads\/2021\/01\/w21P2070545-web.jpg\"><img decoding=\"async\" class=\"alignnone size-full\" src=\"http:\/\/www.adam.misiadam.pl\/wp-content\/uploads\/2021\/01\/w21P2070545-web.jpg\" alt=\"\" width=\"600\"><\/a><br \/>\nCasablanka, Maroko 2013<br \/>\nOdp\u0142yw o \u015bwicie.<br \/>\nLumix GF1, 40mm(14-140), 1\/250s, f\/5, ISO 200<br \/>\nGPS: lat=31,509, lon=-9,773<\/p>\n<p><a href=\"http:\/\/www.adam.misiadam.pl\/wp-content\/uploads\/2021\/01\/w22P4020009-web.jpg\"><img decoding=\"async\" class=\"alignnone size-full\" src=\"http:\/\/www.adam.misiadam.pl\/wp-content\/uploads\/2021\/01\/w22P4020009-web.jpg\" alt=\"\" width=\"600\"><\/a><br \/>\nEssaouira, Maroko 2013<br \/>\nMewy i fale s\u0105 tu wi\u0119ksze.<br \/>\nLumix GX1, 100mm(35-100), 1\/100s, f\/8, ISO 200<br \/>\nGPS: lat=31,511, lon=-9,773<\/p>\n<p><a href=\"http:\/\/www.adam.misiadam.pl\/wp-content\/uploads\/2021\/01\/w23P2070619-web.jpg\"><img decoding=\"async\" class=\"alignnone size-full\" src=\"http:\/\/www.adam.misiadam.pl\/wp-content\/uploads\/2021\/01\/w23P2070619-web.jpg\" alt=\"\" width=\"600\"><\/a><br \/>\nEssaouira, Maroko 2013<br \/>\nEssaouira Citadel z d\u0142ug\u0105 historyczn\u0105 przesz\u0142o\u015bci\u0105.<br \/>\nLumix GF1, 28mm(14-140), 1\/500s, f\/8, ISO 200<br \/>\nGPS: lat=31,510, lon=-9,774<\/p>\n<p><a href=\"http:\/\/www.adam.misiadam.pl\/wp-content\/uploads\/2021\/01\/w24P2070582-web.jpg\"><img decoding=\"async\" class=\"alignnone size-full\" src=\"http:\/\/www.adam.misiadam.pl\/wp-content\/uploads\/2021\/01\/w24P2070582-web.jpg\" alt=\"\" width=\"600\"><\/a><br \/>\nEssaouira, Maroko 2013<br \/>\nPort w Essaouira. Interesuj\u0105ce jest zami\u0142owanie Berber\u00f3w do jaskrawych kolor\u00f3w. Kto u nas maluje \u0142odzie rybackie?<br \/>\nLumix GF1, 34mm(14-140), 1\/125s, f\/4.5, ISO 200<br \/>\nGPS: lat=31,510, lon=-9,774<\/p>\n<p><a href=\"http:\/\/www.adam.misiadam.pl\/wp-content\/uploads\/2021\/01\/w25P2080025-270-web.jpg\"><img decoding=\"async\" class=\"alignnone size-full\" src=\"http:\/\/www.adam.misiadam.pl\/wp-content\/uploads\/2021\/01\/w25P2080025-270-web.jpg\" alt=\"\" width=\"600\"><\/a><br \/>\nTafraoute, Maroko 2013<br \/>\nNiebo nad Tafraoute. Wystarczy z\u0142o\u017cy\u0107 246 zdj\u0119\u0107 kolejno na\u015bwietlanych po 30s by uwierzy\u0107 \u017ce gwiazdy p\u0142yn\u0105 po niebie dooko\u0142a bieguna. Je\u017celi przez przypadek pojawi si\u0119 chmurka to obraz gwiazdy si\u0119 rozmywa.<br \/>\nLumix GF1, 20mm, 30s, f\/1.7, ISO 200, 246 kolejnych zdj\u0119\u0107<br \/>\nGPS: lat=29,730, lon=-8,970<\/p>\n<p><a href=\"http:\/\/www.adam.misiadam.pl\/wp-content\/uploads\/2021\/01\/w26P4010938-web.jpg\"><img decoding=\"async\" class=\"alignnone size-full\" src=\"http:\/\/www.adam.misiadam.pl\/wp-content\/uploads\/2021\/01\/w26P4010938-web.jpg\" alt=\"\" width=\"450\"><\/a><br \/>\nCasablanca, Maroko 2013<br \/>\nTa pi\u0119kna Berberyjka pozwoli\u0142a si\u0119 sfotografowa\u0107 bez \u017cadnej op\u0142aty i stanowi pi\u0119kne zwie\u0144czenie wystawy.<br \/>\nLumix GX1, 100mm(35-100), 1\/80s, f\/2.8, ISO 200<br \/>\nGPS: lat=33,607, lon=-7,632<\/p>\n","protected":false},"excerpt":{"rendered":"<div class=\"pvc_clear\"><\/div>\n<p id=\"pvc_stats_347\" class=\"pvc_stats all  \" data-element-id=\"347\" style=\"\"><i class=\"pvc-stats-icon medium\" aria-hidden=\"true\"><svg aria-hidden=\"true\" focusable=\"false\" data-prefix=\"far\" data-icon=\"chart-bar\" role=\"img\" xmlns=\"http:\/\/www.w3.org\/2000\/svg\" viewBox=\"0 0 512 512\" class=\"svg-inline--fa fa-chart-bar fa-w-16 fa-2x\"><path fill=\"currentColor\" d=\"M396.8 352h22.4c6.4 0 12.8-6.4 12.8-12.8V108.8c0-6.4-6.4-12.8-12.8-12.8h-22.4c-6.4 0-12.8 6.4-12.8 12.8v230.4c0 6.4 6.4 12.8 12.8 12.8zm-192 0h22.4c6.4 0 12.8-6.4 12.8-12.8V140.8c0-6.4-6.4-12.8-12.8-12.8h-22.4c-6.4 0-12.8 6.4-12.8 12.8v198.4c0 6.4 6.4 12.8 12.8 12.8zm96 0h22.4c6.4 0 12.8-6.4 12.8-12.8V204.8c0-6.4-6.4-12.8-12.8-12.8h-22.4c-6.4 0-12.8 6.4-12.8 12.8v134.4c0 6.4 6.4 12.8 12.8 12.8zM496 400H48V80c0-8.84-7.16-16-16-16H16C7.16 64 0 71.16 0 80v336c0 17.67 14.33 32 32 32h464c8.84 0 16-7.16 16-16v-16c0-8.84-7.16-16-16-16zm-387.2-48h22.4c6.4 0 12.8-6.4 12.8-12.8v-70.4c0-6.4-6.4-12.8-12.8-12.8h-22.4c-6.4 0-12.8 6.4-12.8 12.8v70.4c0 6.4 6.4 12.8 12.8 12.8z\" class=\"\"><\/path><\/svg><\/i> <img loading=\"lazy\" decoding=\"async\" width=\"16\" height=\"16\" alt=\"Loading\" src=\"http:\/\/www.adam.misiadam.pl\/wp-content\/plugins\/page-views-count\/ajax-loader-2x.gif\" border=0 \/><\/p>\n<div class=\"pvc_clear\"><\/div>\n<p>Wystawa 28.02.2014 &#8211; 26.03.2014 &#8222;Moja Afryka&#8221; Wernisa\u017c wystawy 28.02.2014 o godz. 17:00 w Filii nr 13 Biblioteki Miejskiej im. W. Kulerskiego w Grudzi\u0105dzu Prace prezentowane na wystawie Maroko 2013 U\u015bmiech \u015bwiata. Trudno uwierzy\u0107, okolica do horyzontu pusta, a wystarczy si\u0119 &hellip; <a href=\"http:\/\/www.adam.misiadam.pl\/?page_id=347\">Czytaj dalej <span class=\"meta-nav\">&rarr;<\/span><\/a><\/p>\n","protected":false},"author":1,"featured_media":0,"parent":162,"menu_order":0,"comment_status":"closed","ping_status":"closed","template":"","meta":{"footnotes":""},"class_list":["post-347","page","type-page","status-publish","hentry"],"_links":{"self":[{"href":"http:\/\/www.adam.misiadam.pl\/index.php?rest_route=\/wp\/v2\/pages\/347","targetHints":{"allow":["GET"]}}],"collection":[{"href":"http:\/\/www.adam.misiadam.pl\/index.php?rest_route=\/wp\/v2\/pages"}],"about":[{"href":"http:\/\/www.adam.misiadam.pl\/index.php?rest_route=\/wp\/v2\/types\/page"}],"author":[{"embeddable":true,"href":"http:\/\/www.adam.misiadam.pl\/index.php?rest_route=\/wp\/v2\/users\/1"}],"replies":[{"embeddable":true,"href":"http:\/\/www.adam.misiadam.pl\/index.php?rest_route=%2Fwp%2Fv2%2Fcomments&post=347"}],"version-history":[{"count":49,"href":"http:\/\/www.adam.misiadam.pl\/index.php?rest_route=\/wp\/v2\/pages\/347\/revisions"}],"predecessor-version":[{"id":731,"href":"http:\/\/www.adam.misiadam.pl\/index.php?rest_route=\/wp\/v2\/pages\/347\/revisions\/731"}],"up":[{"embeddable":true,"href":"http:\/\/www.adam.misiadam.pl\/index.php?rest_route=\/wp\/v2\/pages\/162"}],"wp:attachment":[{"href":"http:\/\/www.adam.misiadam.pl\/index.php?rest_route=%2Fwp%2Fv2%2Fmedia&parent=347"}],"curies":[{"name":"wp","href":"https:\/\/api.w.org\/{rel}","templated":true}]}}