{"id":861,"date":"2021-01-28T17:28:29","date_gmt":"2021-01-28T17:28:29","guid":{"rendered":"http:\/\/www.adam.misiadam.pl\/?page_id=861"},"modified":"2021-03-15T17:14:31","modified_gmt":"2021-03-15T17:14:31","slug":"2009-2018-fotowarsztaty","status":"publish","type":"page","link":"http:\/\/www.adam.misiadam.pl\/?page_id=861","title":{"rendered":"2009-2018 &#8211; Fotowarsztaty"},"content":{"rendered":"<div class=\"pvc_clear\"><\/div>\n<p id=\"pvc_stats_861\" class=\"pvc_stats all  \" data-element-id=\"861\" style=\"\"><i class=\"pvc-stats-icon medium\" aria-hidden=\"true\"><svg aria-hidden=\"true\" focusable=\"false\" data-prefix=\"far\" data-icon=\"chart-bar\" role=\"img\" xmlns=\"http:\/\/www.w3.org\/2000\/svg\" viewBox=\"0 0 512 512\" class=\"svg-inline--fa fa-chart-bar fa-w-16 fa-2x\"><path fill=\"currentColor\" d=\"M396.8 352h22.4c6.4 0 12.8-6.4 12.8-12.8V108.8c0-6.4-6.4-12.8-12.8-12.8h-22.4c-6.4 0-12.8 6.4-12.8 12.8v230.4c0 6.4 6.4 12.8 12.8 12.8zm-192 0h22.4c6.4 0 12.8-6.4 12.8-12.8V140.8c0-6.4-6.4-12.8-12.8-12.8h-22.4c-6.4 0-12.8 6.4-12.8 12.8v198.4c0 6.4 6.4 12.8 12.8 12.8zm96 0h22.4c6.4 0 12.8-6.4 12.8-12.8V204.8c0-6.4-6.4-12.8-12.8-12.8h-22.4c-6.4 0-12.8 6.4-12.8 12.8v134.4c0 6.4 6.4 12.8 12.8 12.8zM496 400H48V80c0-8.84-7.16-16-16-16H16C7.16 64 0 71.16 0 80v336c0 17.67 14.33 32 32 32h464c8.84 0 16-7.16 16-16v-16c0-8.84-7.16-16-16-16zm-387.2-48h22.4c6.4 0 12.8-6.4 12.8-12.8v-70.4c0-6.4-6.4-12.8-12.8-12.8h-22.4c-6.4 0-12.8 6.4-12.8 12.8v70.4c0 6.4 6.4 12.8 12.8 12.8z\" class=\"\"><\/path><\/svg><\/i> <img loading=\"lazy\" decoding=\"async\" width=\"16\" height=\"16\" alt=\"Loading\" src=\"http:\/\/www.adam.misiadam.pl\/wp-content\/plugins\/page-views-count\/ajax-loader-2x.gif\" border=0 \/><\/p>\n<div class=\"pvc_clear\"><\/div>\n<p><strong>Strona w opracowaniu<\/strong><br \/>\n<strong>2009<\/strong><br \/>\n2009.11.06-08 Dolina Chocho\u0142owska<br \/>\n<strong>2010<\/strong><br \/>\nmaj 2010 Ptaki<br \/>\nlipiec 2010 Ka\u0142k\u00f3w-God\u00f3w<br \/>\nsierpie\u0144 2010 Krynica<br \/>\n<strong>2012<\/strong><br \/>\nmaj 2012 Czarowne \u015awi\u0119tokrzyskie<br \/>\nsierpie\u0144 2012 Wrzosowa Kraina<br \/>\n<strong>2013<\/strong><br \/>\nluty 2013 Wroc\u0142awskie spotkania<br \/>\n2013.05.17-19 Skalne labirynty<br \/>\n2013.10.11-13 Odloty Ptak\u00f3w (Stawy Milickie)<br \/>\n<strong>2014<\/strong><br \/>\n2014.06.06-08 Araby na Ponidziu<br \/>\n2014.11.21-23 Noc w Wieliczce<br \/>\n<strong>2015<\/strong><br \/>\n2015.04.24-26 \u0141owy nad Biebrz\u0105<br \/>\n2015.10.16-18 Czarowne \u015awi\u0119tokrzyskie (Araby na Ponidziu) z Misi\u0105<br \/>\n2015.12.06-08 \u0141owy na \u017cubra<br \/>\n<strong>2016<\/strong><br \/>\n2016.06.24-26 \u015awi\u0119toja\u0144skie \u015awi\u0119tokrzyskie z Misi\u0105<br \/>\n<strong>2017<\/strong><br \/>\n2017.08.25-27 Wrzosowa Kraina z Misi\u0105<\/p>\n","protected":false},"excerpt":{"rendered":"<div class=\"pvc_clear\"><\/div>\n<p id=\"pvc_stats_861\" class=\"pvc_stats all  \" data-element-id=\"861\" style=\"\"><i class=\"pvc-stats-icon medium\" aria-hidden=\"true\"><svg aria-hidden=\"true\" focusable=\"false\" data-prefix=\"far\" data-icon=\"chart-bar\" role=\"img\" xmlns=\"http:\/\/www.w3.org\/2000\/svg\" viewBox=\"0 0 512 512\" class=\"svg-inline--fa fa-chart-bar fa-w-16 fa-2x\"><path fill=\"currentColor\" d=\"M396.8 352h22.4c6.4 0 12.8-6.4 12.8-12.8V108.8c0-6.4-6.4-12.8-12.8-12.8h-22.4c-6.4 0-12.8 6.4-12.8 12.8v230.4c0 6.4 6.4 12.8 12.8 12.8zm-192 0h22.4c6.4 0 12.8-6.4 12.8-12.8V140.8c0-6.4-6.4-12.8-12.8-12.8h-22.4c-6.4 0-12.8 6.4-12.8 12.8v198.4c0 6.4 6.4 12.8 12.8 12.8zm96 0h22.4c6.4 0 12.8-6.4 12.8-12.8V204.8c0-6.4-6.4-12.8-12.8-12.8h-22.4c-6.4 0-12.8 6.4-12.8 12.8v134.4c0 6.4 6.4 12.8 12.8 12.8zM496 400H48V80c0-8.84-7.16-16-16-16H16C7.16 64 0 71.16 0 80v336c0 17.67 14.33 32 32 32h464c8.84 0 16-7.16 16-16v-16c0-8.84-7.16-16-16-16zm-387.2-48h22.4c6.4 0 12.8-6.4 12.8-12.8v-70.4c0-6.4-6.4-12.8-12.8-12.8h-22.4c-6.4 0-12.8 6.4-12.8 12.8v70.4c0 6.4 6.4 12.8 12.8 12.8z\" class=\"\"><\/path><\/svg><\/i> <img loading=\"lazy\" decoding=\"async\" width=\"16\" height=\"16\" alt=\"Loading\" src=\"http:\/\/www.adam.misiadam.pl\/wp-content\/plugins\/page-views-count\/ajax-loader-2x.gif\" border=0 \/><\/p>\n<div class=\"pvc_clear\"><\/div>\n<p>Strona w opracowaniu 2009 2009.11.06-08 Dolina Chocho\u0142owska 2010 maj 2010 Ptaki lipiec 2010 Ka\u0142k\u00f3w-God\u00f3w sierpie\u0144 2010 Krynica 2012 maj 2012 Czarowne \u015awi\u0119tokrzyskie sierpie\u0144 2012 Wrzosowa Kraina 2013 luty 2013 Wroc\u0142awskie spotkania 2013.05.17-19 Skalne labirynty 2013.10.11-13 Odloty Ptak\u00f3w (Stawy Milickie) 2014 &hellip; <a href=\"http:\/\/www.adam.misiadam.pl\/?page_id=861\">Czytaj dalej <span class=\"meta-nav\">&rarr;<\/span><\/a><\/p>\n","protected":false},"author":1,"featured_media":0,"parent":0,"menu_order":0,"comment_status":"closed","ping_status":"closed","template":"","meta":{"footnotes":""},"class_list":["post-861","page","type-page","status-publish","hentry"],"_links":{"self":[{"href":"http:\/\/www.adam.misiadam.pl\/index.php?rest_route=\/wp\/v2\/pages\/861","targetHints":{"allow":["GET"]}}],"collection":[{"href":"http:\/\/www.adam.misiadam.pl\/index.php?rest_route=\/wp\/v2\/pages"}],"about":[{"href":"http:\/\/www.adam.misiadam.pl\/index.php?rest_route=\/wp\/v2\/types\/page"}],"author":[{"embeddable":true,"href":"http:\/\/www.adam.misiadam.pl\/index.php?rest_route=\/wp\/v2\/users\/1"}],"replies":[{"embeddable":true,"href":"http:\/\/www.adam.misiadam.pl\/index.php?rest_route=%2Fwp%2Fv2%2Fcomments&post=861"}],"version-history":[{"count":5,"href":"http:\/\/www.adam.misiadam.pl\/index.php?rest_route=\/wp\/v2\/pages\/861\/revisions"}],"predecessor-version":[{"id":910,"href":"http:\/\/www.adam.misiadam.pl\/index.php?rest_route=\/wp\/v2\/pages\/861\/revisions\/910"}],"wp:attachment":[{"href":"http:\/\/www.adam.misiadam.pl\/index.php?rest_route=%2Fwp%2Fv2%2Fmedia&parent=861"}],"curies":[{"name":"wp","href":"https:\/\/api.w.org\/{rel}","templated":true}]}}